{"id":2380,"date":"2025-04-23T10:59:32","date_gmt":"2025-04-23T10:59:32","guid":{"rendered":"https:\/\/arcos.com.uy\/?post_type=product&#038;p=2380"},"modified":"2025-04-30T12:30:39","modified_gmt":"2025-04-30T12:30:39","slug":"reveal-linq","status":"publish","type":"product","link":"https:\/\/arcos.com.uy\/en\/producto\/reveal-linq\/","title":{"rendered":"Reveal LINQ"},"content":{"rendered":"<p>El Reveal LINQ\u2122 tiene un tercio del tama\u00f1o de una pila AAA (1,2 ml). Su procedimiento de inserci\u00f3n es m\u00ednimamente invasivo y simplificado.<br \/>\nEl dispositivo es compatible con resonancias magn\u00e9ticas de 1,5 T y 3 T, sin necesidad de espera<br \/>\nposterior a la inserci\u00f3n.<\/p>\n","protected":false},"excerpt":{"rendered":"<p>Como uno de los monitores card\u00edacos insertables m\u00e1s peque\u00f1os del mundo, el Reveal LINQ\u2122<br \/>\ntrabaja continuamente para capturar datos completos y procesables hasta tres a\u00f1os.<br \/>\nEl dispositivo cuenta con algoritmos de inteligencia artificial (IA) AccuRhythm\u2122, que es una plataforma innovadora que aplica algoritmos de IA de aprendizaje profundo a los datos del ICM Reveal LINQ\u2122 que fluyen hacia la red CareLink\u2122 para reducir significativamente las alertas falsas de FA y pausa, al tiempo que preserva la sensibilidad.<\/p>\n","protected":false},"featured_media":2381,"template":"","meta":[],"product_brand":[],"product_cat":[20,21],"product_tag":[],"class_list":{"0":"post-2380","1":"product","2":"type-product","3":"status-publish","4":"has-post-thumbnail","6":"product_cat-cardiologia","7":"product_cat-estimulacion-cardiaca","9":"first","10":"instock","11":"shipping-taxable","12":"product-type-simple"},"_links":{"self":[{"href":"https:\/\/arcos.com.uy\/en\/wp-json\/wp\/v2\/product\/2380","targetHints":{"allow":["GET"]}}],"collection":[{"href":"https:\/\/arcos.com.uy\/en\/wp-json\/wp\/v2\/product"}],"about":[{"href":"https:\/\/arcos.com.uy\/en\/wp-json\/wp\/v2\/types\/product"}],"wp:featuredmedia":[{"embeddable":true,"href":"https:\/\/arcos.com.uy\/en\/wp-json\/wp\/v2\/media\/2381"}],"wp:attachment":[{"href":"https:\/\/arcos.com.uy\/en\/wp-json\/wp\/v2\/media?parent=2380"}],"wp:term":[{"taxonomy":"product_brand","embeddable":true,"href":"https:\/\/arcos.com.uy\/en\/wp-json\/wp\/v2\/product_brand?post=2380"},{"taxonomy":"product_cat","embeddable":true,"href":"https:\/\/arcos.com.uy\/en\/wp-json\/wp\/v2\/product_cat?post=2380"},{"taxonomy":"product_tag","embeddable":true,"href":"https:\/\/arcos.com.uy\/en\/wp-json\/wp\/v2\/product_tag?post=2380"}],"curies":[{"name":"wp","href":"https:\/\/api.w.org\/{rel}","templated":true}]}}