{"id":2340,"date":"2025-03-18T20:27:56","date_gmt":"2025-03-18T20:27:56","guid":{"rendered":"https:\/\/arcos.com.uy\/?post_type=product&#038;p=2340"},"modified":"2025-03-18T20:35:28","modified_gmt":"2025-03-18T20:35:28","slug":"kit-de-via-central","status":"publish","type":"product","link":"https:\/\/arcos.com.uy\/en\/producto\/kit-de-via-central\/","title":{"rendered":"KIT DE V\u00cdA CENTRAL"},"content":{"rendered":"<p>La l\u00ednea de cateterismo venoso central de PSA, est\u00e1 indicada para el tratamiento de enfermedades o afecciones que requieran<br \/>\nacceso venoso central a corto plazo (menor a 30 d\u00edas). Permiten la administraci\u00f3n de fluidos, productos sangu\u00edneos, drogas y<br \/>\nsoluciones de nutrici\u00f3n parenteral, as\u00ed como la toma de muestras de sangre y medici\u00f3n de presi\u00f3n venosa central.<br \/>\nCada set para cateterismo venoso central, incluye todos los componentes necesarios para la realizaci\u00f3n del procedimiento.<\/p>\n<p><strong>Caracteristicas Generales<\/strong><\/p>\n<p>&#8211; Libre de l\u00e1tex. No pir\u00f3geno. No contiene phthalato (DEHP)<br \/>\n&#8211; Esterilizado por \u00f3xido de etileno<br \/>\n&#8211; Clase de riesgo: IV<br \/>\n&#8211; Origen: Argentina<br \/>\n<strong>Presentaci\u00f3n<\/strong>:<\/p>\n<p>-Empaque unitario: BLISTER con pesta\u00f1a para facil apertura.<br \/>\n-Empaque Secundario: Caja de cart\u00f3n con 10 unidades.<\/p>\n","protected":false},"excerpt":{"rendered":"[button open_new_tab=\"true\" color=\"accent-color\" hover_text_color_override=\"#fff\" size=\"large\" url=\"https:\/\/arcos.com.uy\/wp-content\/uploads\/2025\/03\/TPI-05REV00-CVC-Anesthesia.pdf\" text=\"Descargar Cat\u00e1logo\" color_override=\"\"]\n","protected":false},"featured_media":2341,"template":"","meta":[],"product_brand":[],"product_cat":[91],"product_tag":[],"class_list":{"0":"post-2340","1":"product","2":"type-product","3":"status-publish","4":"has-post-thumbnail","6":"product_cat-cuidados-intensivos","8":"first","9":"instock","10":"shipping-taxable","11":"product-type-simple"},"_links":{"self":[{"href":"https:\/\/arcos.com.uy\/en\/wp-json\/wp\/v2\/product\/2340","targetHints":{"allow":["GET"]}}],"collection":[{"href":"https:\/\/arcos.com.uy\/en\/wp-json\/wp\/v2\/product"}],"about":[{"href":"https:\/\/arcos.com.uy\/en\/wp-json\/wp\/v2\/types\/product"}],"wp:featuredmedia":[{"embeddable":true,"href":"https:\/\/arcos.com.uy\/en\/wp-json\/wp\/v2\/media\/2341"}],"wp:attachment":[{"href":"https:\/\/arcos.com.uy\/en\/wp-json\/wp\/v2\/media?parent=2340"}],"wp:term":[{"taxonomy":"product_brand","embeddable":true,"href":"https:\/\/arcos.com.uy\/en\/wp-json\/wp\/v2\/product_brand?post=2340"},{"taxonomy":"product_cat","embeddable":true,"href":"https:\/\/arcos.com.uy\/en\/wp-json\/wp\/v2\/product_cat?post=2340"},{"taxonomy":"product_tag","embeddable":true,"href":"https:\/\/arcos.com.uy\/en\/wp-json\/wp\/v2\/product_tag?post=2340"}],"curies":[{"name":"wp","href":"https:\/\/api.w.org\/{rel}","templated":true}]}}