{"id":2339,"date":"2025-03-18T20:04:34","date_gmt":"2025-03-18T20:04:34","guid":{"rendered":"https:\/\/arcos.com.uy\/?post_type=product&#038;p=2339"},"modified":"2025-03-18T20:05:28","modified_gmt":"2025-03-18T20:05:28","slug":"m-r-i-puerto-implantable","status":"publish","type":"product","link":"https:\/\/arcos.com.uy\/en\/producto\/m-r-i-puerto-implantable\/","title":{"rendered":"M.R.I.\u2122 Puerto implantable"},"content":{"rendered":"<p>&nbsp;<\/p>\n<p>&nbsp;<\/p>\n","protected":false},"excerpt":{"rendered":"<ul style=\"font-weight: 400;\">\n<li>Los accesos vasculares con puerto de titanio o policarbonato de la marca BD antes BARD establecen el est\u00e1ndar con una familia completa de puertos.<\/li>\n<li>El gran tabique de silicona facilita la terapia.<\/li>\n<li>La construcci\u00f3n del puerto ofrece biocompatibilidad y durabilidad del titanio en un dise\u00f1o ligero y c\u00f3modo.<\/li>\n<li>La base encapsulada en silicona biocompatible ayuda a promover la recuperaci\u00f3n del tejido.<\/li>\n<li>El borde c\u00f3nico reduce el riesgo de extravasaci\u00f3n al permitir que la aguja se desv\u00ede hacia el tabique.<\/li>\n<li>El lumen grande mejora la velocidad de flujo para reducir la incidencia de coagulaci\u00f3n.<\/li>\n<\/ul>\n","protected":false},"featured_media":2337,"template":"","meta":[],"product_brand":[],"product_cat":[27],"product_tag":[],"class_list":{"0":"post-2339","1":"product","2":"type-product","3":"status-publish","4":"has-post-thumbnail","6":"product_cat-oncologia","8":"first","9":"instock","10":"shipping-taxable","11":"product-type-simple"},"_links":{"self":[{"href":"https:\/\/arcos.com.uy\/en\/wp-json\/wp\/v2\/product\/2339","targetHints":{"allow":["GET"]}}],"collection":[{"href":"https:\/\/arcos.com.uy\/en\/wp-json\/wp\/v2\/product"}],"about":[{"href":"https:\/\/arcos.com.uy\/en\/wp-json\/wp\/v2\/types\/product"}],"wp:featuredmedia":[{"embeddable":true,"href":"https:\/\/arcos.com.uy\/en\/wp-json\/wp\/v2\/media\/2337"}],"wp:attachment":[{"href":"https:\/\/arcos.com.uy\/en\/wp-json\/wp\/v2\/media?parent=2339"}],"wp:term":[{"taxonomy":"product_brand","embeddable":true,"href":"https:\/\/arcos.com.uy\/en\/wp-json\/wp\/v2\/product_brand?post=2339"},{"taxonomy":"product_cat","embeddable":true,"href":"https:\/\/arcos.com.uy\/en\/wp-json\/wp\/v2\/product_cat?post=2339"},{"taxonomy":"product_tag","embeddable":true,"href":"https:\/\/arcos.com.uy\/en\/wp-json\/wp\/v2\/product_tag?post=2339"}],"curies":[{"name":"wp","href":"https:\/\/api.w.org\/{rel}","templated":true}]}}