{"id":2330,"date":"2025-03-18T19:50:25","date_gmt":"2025-03-18T19:50:25","guid":{"rendered":"https:\/\/arcos.com.uy\/?post_type=product&#038;p=2330"},"modified":"2025-04-30T11:42:35","modified_gmt":"2025-04-30T11:42:35","slug":"pistola-y-aguja-magnum","status":"publish","type":"product","link":"https:\/\/arcos.com.uy\/en\/producto\/pistola-y-aguja-magnum\/","title":{"rendered":"PISTOLA Y AGUJA MAGNUM"},"content":{"rendered":"<p><strong>Indicaci\u00f3n de uso<\/strong><br \/>\nEl sistema de biopsia MAGNUMTM (el instrumento y las<br \/>\nagujas) est\u00e1 indicado para su uso en la obtenci\u00f3n de biopsias<br \/>\nde tejidos blandos como h\u00edgado, ri\u00f1\u00f3n, pr\u00f3stata, mama, bazo,<br \/>\nganglios linf\u00e1ticos y diversos tumores de tejidos blandos.<\/p>\n<p>&nbsp;<\/p>\n","protected":false},"excerpt":{"rendered":"<p><a href=\"https:\/\/arcos.com.uy\/wp-content\/uploads\/2025\/03\/BD-71778-Ficha-Tecnica-Magnum-2.pdf\">VER FICHA T\u00e9cnica Magnum<\/a><\/p>\n<p><a href=\"https:\/\/arcos.com.uy\/wp-content\/uploads\/2025\/03\/BARD-Magnum-Coaxial-Maxcore.pdf\">VER FICHA BARD <\/a><a href=\"https:\/\/arcos.com.uy\/wp-content\/uploads\/2025\/03\/BD-71778-Ficha-Tecnica-Magnum-2.pdf\">Magnum<\/a><\/p>\n","protected":false},"featured_media":2335,"template":"","meta":[],"product_brand":[],"product_cat":[27],"product_tag":[],"class_list":{"0":"post-2330","1":"product","2":"type-product","3":"status-publish","4":"has-post-thumbnail","6":"product_cat-oncologia","8":"first","9":"instock","10":"shipping-taxable","11":"product-type-simple"},"_links":{"self":[{"href":"https:\/\/arcos.com.uy\/en\/wp-json\/wp\/v2\/product\/2330","targetHints":{"allow":["GET"]}}],"collection":[{"href":"https:\/\/arcos.com.uy\/en\/wp-json\/wp\/v2\/product"}],"about":[{"href":"https:\/\/arcos.com.uy\/en\/wp-json\/wp\/v2\/types\/product"}],"wp:featuredmedia":[{"embeddable":true,"href":"https:\/\/arcos.com.uy\/en\/wp-json\/wp\/v2\/media\/2335"}],"wp:attachment":[{"href":"https:\/\/arcos.com.uy\/en\/wp-json\/wp\/v2\/media?parent=2330"}],"wp:term":[{"taxonomy":"product_brand","embeddable":true,"href":"https:\/\/arcos.com.uy\/en\/wp-json\/wp\/v2\/product_brand?post=2330"},{"taxonomy":"product_cat","embeddable":true,"href":"https:\/\/arcos.com.uy\/en\/wp-json\/wp\/v2\/product_cat?post=2330"},{"taxonomy":"product_tag","embeddable":true,"href":"https:\/\/arcos.com.uy\/en\/wp-json\/wp\/v2\/product_tag?post=2330"}],"curies":[{"name":"wp","href":"https:\/\/api.w.org\/{rel}","templated":true}]}}