{"id":2327,"date":"2025-03-18T19:46:40","date_gmt":"2025-03-18T19:46:40","guid":{"rendered":"https:\/\/arcos.com.uy\/?post_type=product&#038;p=2327"},"modified":"2025-03-18T19:49:42","modified_gmt":"2025-03-18T19:49:42","slug":"aguja-max-core","status":"publish","type":"product","link":"https:\/\/arcos.com.uy\/en\/producto\/aguja-max-core\/","title":{"rendered":"AGUJA MAX CORE"},"content":{"rendered":"<p><strong>Indicaci\u00f3n de uso<\/strong><br \/>\nEl aparato de biopsia de n\u00facleos con aguja se<br \/>\ndestina a biopsias de tejidos blandos como el<br \/>\nh\u00edgado, el ri\u00f1\u00f3n, la pr\u00f3stata, el bazo, los ganglios<br \/>\nlinf\u00e1ticos y diversos tumores de tejidos blandos.<br \/>\nno est\u00e1 previsto para su aplicaci\u00f3n en hueso.<\/p>\n<p><strong>Presentaci\u00f3n comercial<\/strong><br \/>\nInstrumento: individual en caja r\u00edgida no est\u00e9ril.<br \/>\nAgujas: en empaque individual est\u00e9riles.<\/p>\n","protected":false},"excerpt":{"rendered":"[button open_new_tab=\"true\" color=\"accent-color\" hover_text_color_override=\"#fff\" size=\"large\" url=\"https:\/\/arcos.com.uy\/wp-content\/uploads\/2025\/03\/BD-71779-Ficha-Tecnica-Max-Core-1.pdf\" text=\"Descargar Folleto\"\u00a0 color_override=\"\"]\n","protected":false},"featured_media":2328,"template":"","meta":[],"product_brand":[],"product_cat":[27],"product_tag":[],"class_list":{"0":"post-2327","1":"product","2":"type-product","3":"status-publish","4":"has-post-thumbnail","6":"product_cat-oncologia","8":"first","9":"instock","10":"shipping-taxable","11":"product-type-simple"},"_links":{"self":[{"href":"https:\/\/arcos.com.uy\/en\/wp-json\/wp\/v2\/product\/2327","targetHints":{"allow":["GET"]}}],"collection":[{"href":"https:\/\/arcos.com.uy\/en\/wp-json\/wp\/v2\/product"}],"about":[{"href":"https:\/\/arcos.com.uy\/en\/wp-json\/wp\/v2\/types\/product"}],"wp:featuredmedia":[{"embeddable":true,"href":"https:\/\/arcos.com.uy\/en\/wp-json\/wp\/v2\/media\/2328"}],"wp:attachment":[{"href":"https:\/\/arcos.com.uy\/en\/wp-json\/wp\/v2\/media?parent=2327"}],"wp:term":[{"taxonomy":"product_brand","embeddable":true,"href":"https:\/\/arcos.com.uy\/en\/wp-json\/wp\/v2\/product_brand?post=2327"},{"taxonomy":"product_cat","embeddable":true,"href":"https:\/\/arcos.com.uy\/en\/wp-json\/wp\/v2\/product_cat?post=2327"},{"taxonomy":"product_tag","embeddable":true,"href":"https:\/\/arcos.com.uy\/en\/wp-json\/wp\/v2\/product_tag?post=2327"}],"curies":[{"name":"wp","href":"https:\/\/api.w.org\/{rel}","templated":true}]}}