{"id":2313,"date":"2025-03-18T19:19:23","date_gmt":"2025-03-18T19:19:23","guid":{"rendered":"https:\/\/arcos.com.uy\/?post_type=product&#038;p=2313"},"modified":"2025-03-18T19:23:40","modified_gmt":"2025-03-18T19:23:40","slug":"protesis-vascular-impra-ptfe-copia","status":"publish","type":"product","link":"https:\/\/arcos.com.uy\/en\/producto\/protesis-vascular-impra-ptfe-copia\/","title":{"rendered":"PERISET"},"content":{"rendered":"<h3>Kit de Anestesia Peridural<\/h3>\n<p>Periset re\u00fane los elementos necesarios para la colocaci\u00f3n del cat\u00e9ter en el espacio epidural, permitiendo la inyecci\u00f3n en<br \/>\nbolo y\/o infusi\u00f3n continua de anest\u00e9sicos y\/o analg\u00e9sicos<br \/>\n<strong>El set incluye:<\/strong><\/p>\n<h3>Aguja de Tuohy:<\/h3>\n<p>-Posee marcas cada diez mil\u00edmetros para identificar r\u00e1pidamente la longitud de aguja introducida.<br \/>\n-Pabell\u00f3n transparente permite ver r\u00e1pidamente un reflujo accidental de sangre o l\u00edquido cefalorraqu\u00eddeo.<br \/>\n-Aletas grandes que proporcionan un mejor control durante el avance de la aguja.<br \/>\n<strong>Cat\u00e9ter epidural:<\/strong><br \/>\n-Material: TPU (poliuretano termo pl\u00e1stico), con l\u00ednea radiopaca, con punta cerrada y tres orificios laterales.<br \/>\n-Largo de 90 cm con marcas cada cent\u00edmetro desde los 5 a los 20 cm, una marca a los 11.3cm indica la salida del cat\u00e9ter<br \/>\npor la punta de la aguja. (Esta distancia es v\u00e1lida s\u00f3lo si se usa el centrador de cat\u00e9ter).<br \/>\n-Marca doble a los 10 cm, marca triple a los 15 cm y cu\u00e1druple a los 20 cm.<br \/>\n-El punto negro en el extremo distal asegura que, al retirar el cat\u00e9ter, el mismo fu\u00e9 extra\u00eddo en su totalidad.<br \/>\n-La gu\u00eda del cat\u00e9ter, facilita la introducci\u00f3n del mismo, a trav\u00e9s de la aguja.<br \/>\n-Con conector para Cat\u00e9ter epidural, que permite compatibilidad con jeringas de tipo Luer.<br \/>\n<strong>Filtro plano 0,2 micras.<\/strong><br \/>\n&#8211; Cuerpo principal: Acr\u00edlico<br \/>\n&#8211; Coneccion de entrada: Luer Lock Hembra.<br \/>\n&#8211; Conector de salida: Luer Lock Macho con rosca flotante de Polipropileno.<br \/>\n&#8211; Hidrof\u00edlico \u00e1rea de filtraci\u00f3n: 5, 00 cm2.<br \/>\n&#8211; M\u00e1xima presi\u00f3n de rotura: 8 bar (prueba de 15 &#8220;).<br \/>\n&#8211; Temperatura m\u00e1xima: 55 \u00b0 C (131 \u00b0 F).<br \/>\n&#8211; Medios de filtro: Hidrof\u00edlico membrana PES (Polietersulfona) 0,2 micras \/ positivo 0,2 micras \/ 1,2 m \/ 5,0 m.<br \/>\n&#8211; Tama\u00f1o de poro: 0,2 micras. (Retenci\u00f3n bacteriana: Brevundimonas diminuta).<br \/>\n&#8211; Volumen de cebado: 1,2 ml.<br \/>\n&#8211; Pirogenicidad:&lt;0,25 ml utilizando el m\u00e9todo de ensayo de la UE \/ LAL (Lisado de Amebocitos del Limulus)<br \/>\n<strong>Jeringa LOR:<\/strong><br \/>\n-Pl\u00e1stico de baja resistencia, que se utiliza para localizar el espacio epidural con la presi\u00f3n positiva ejercida sobre el pist\u00f3n<br \/>\npor una banda de goma<br \/>\n<strong>Etiqueta de color amarillo:<\/strong><br \/>\n-Identificaci\u00f3n r\u00e1pida de la l\u00ednea epidural.<br \/>\n<strong>Campo quir\u00fargico<\/strong><br \/>\n&#8211; Superficie de apoyo est\u00e9ril.<br \/>\n&#8211; Cinta testigo para verificaci\u00f3n de esterilizaci\u00f3n.<br \/>\nCaracteristicas Generales<br \/>\n&#8211; Libre de l\u00e1tex. No pir\u00f3geno. No contiene phthalato (DEHP)<br \/>\n&#8211; Esterilizado por \u00f3xido de etileno<br \/>\n&#8211; Clase de riesgo: IV<br \/>\n&#8211; Origen: Argentina.<br \/>\n<strong>Presentaci\u00f3n:<\/strong><br \/>\n-Empaque unitario: BLISTER con pesta\u00f1a para facil apertura.<br \/>\n-Empaque Secundario: Caja de cart\u00f3n con 10 unidades.<\/p>\n","protected":false},"excerpt":{"rendered":"[button open_new_tab=\"true\" color=\"accent-color\" hover_text_color_override=\"#fff\" size=\"large\" url=\"https:\/\/arcos.com.uy\/wp-content\/uploads\/2025\/03\/TPI-08REV00-PERISET-anesthesia-aguja-peridural-USAR.pdf\" text=\"Descargar kIT\"\u00a0 color_override=\"\"]\n","protected":false},"featured_media":2314,"template":"","meta":[],"product_brand":[],"product_cat":[34,47],"product_tag":[],"class_list":{"0":"post-2313","1":"product","2":"type-product","3":"status-publish","4":"has-post-thumbnail","6":"product_cat-cirugia-general","7":"product_cat-instrumental-quirurgico","9":"first","10":"instock","11":"shipping-taxable","12":"product-type-simple"},"_links":{"self":[{"href":"https:\/\/arcos.com.uy\/en\/wp-json\/wp\/v2\/product\/2313","targetHints":{"allow":["GET"]}}],"collection":[{"href":"https:\/\/arcos.com.uy\/en\/wp-json\/wp\/v2\/product"}],"about":[{"href":"https:\/\/arcos.com.uy\/en\/wp-json\/wp\/v2\/types\/product"}],"wp:featuredmedia":[{"embeddable":true,"href":"https:\/\/arcos.com.uy\/en\/wp-json\/wp\/v2\/media\/2314"}],"wp:attachment":[{"href":"https:\/\/arcos.com.uy\/en\/wp-json\/wp\/v2\/media?parent=2313"}],"wp:term":[{"taxonomy":"product_brand","embeddable":true,"href":"https:\/\/arcos.com.uy\/en\/wp-json\/wp\/v2\/product_brand?post=2313"},{"taxonomy":"product_cat","embeddable":true,"href":"https:\/\/arcos.com.uy\/en\/wp-json\/wp\/v2\/product_cat?post=2313"},{"taxonomy":"product_tag","embeddable":true,"href":"https:\/\/arcos.com.uy\/en\/wp-json\/wp\/v2\/product_tag?post=2313"}],"curies":[{"name":"wp","href":"https:\/\/api.w.org\/{rel}","templated":true}]}}