{"id":2307,"date":"2025-03-18T19:02:51","date_gmt":"2025-03-18T19:02:51","guid":{"rendered":"https:\/\/arcos.com.uy\/?post_type=product&#038;p=2307"},"modified":"2025-03-19T20:55:57","modified_gmt":"2025-03-19T20:55:57","slug":"prolongador-bifurcado-adulto-2-accesos","status":"publish","type":"product","link":"https:\/\/arcos.com.uy\/en\/producto\/prolongador-bifurcado-adulto-2-accesos\/","title":{"rendered":"PROLONGADOR BIFURCADO ADULTO 2 ACCESOS"},"content":{"rendered":"<h3>Usos<\/h3>\n<p>Terapia de infusi\u00f3n intravenosa, medicaci\u00f3n y vol\u00famenes controlados.<br \/>\nEl conector con tecnolog\u00eda elimina la necesidad de agujas y evita el riesgo de pinchazos accidentales.<br \/>\nAsegura una perfecta conexi\u00f3n a cualquier sistema intravenoso, jeringas, l\u00edneas de infusi\u00f3n, cateteres.<br \/>\nCon conexi\u00f3nes Luer lock adaptable a dispositivos de punci\u00f3n con tap\u00f3n de seguridad con llave reguladora de gotas.<br \/>\nPresion negativa, siliconados con membrana autosellante.<\/p>\n<h3><strong>Materiales <\/strong>Tubuladuras en PVC Clamps HDPE (Polietileno de alta densidad)<br \/>\nLibre de l\u00e1tex. No pir\u00f3geno. No contiene phthalato<\/h3>\n","protected":false},"excerpt":{"rendered":"[button open_new_tab=\"true\" color=\"accent-color\" hover_text_color_override=\"#fff\" size=\"large\" url=\"https:\/\/arcos.com.uy\/wp-content\/uploads\/2025\/03\/catalogo-prolongadores-anesthesia-2-1-1.pdf\" text=\"Descargar Cat\u00e1logo\" color_override=\"\"]\n","protected":false},"featured_media":2349,"template":"","meta":[],"product_brand":[],"product_cat":[90],"product_tag":[],"class_list":{"0":"post-2307","1":"product","2":"type-product","3":"status-publish","4":"has-post-thumbnail","6":"product_cat-terapias-de-infusion-de-circuito-cerrado","8":"first","9":"instock","10":"shipping-taxable","11":"product-type-simple"},"_links":{"self":[{"href":"https:\/\/arcos.com.uy\/en\/wp-json\/wp\/v2\/product\/2307","targetHints":{"allow":["GET"]}}],"collection":[{"href":"https:\/\/arcos.com.uy\/en\/wp-json\/wp\/v2\/product"}],"about":[{"href":"https:\/\/arcos.com.uy\/en\/wp-json\/wp\/v2\/types\/product"}],"wp:featuredmedia":[{"embeddable":true,"href":"https:\/\/arcos.com.uy\/en\/wp-json\/wp\/v2\/media\/2349"}],"wp:attachment":[{"href":"https:\/\/arcos.com.uy\/en\/wp-json\/wp\/v2\/media?parent=2307"}],"wp:term":[{"taxonomy":"product_brand","embeddable":true,"href":"https:\/\/arcos.com.uy\/en\/wp-json\/wp\/v2\/product_brand?post=2307"},{"taxonomy":"product_cat","embeddable":true,"href":"https:\/\/arcos.com.uy\/en\/wp-json\/wp\/v2\/product_cat?post=2307"},{"taxonomy":"product_tag","embeddable":true,"href":"https:\/\/arcos.com.uy\/en\/wp-json\/wp\/v2\/product_tag?post=2307"}],"curies":[{"name":"wp","href":"https:\/\/api.w.org\/{rel}","templated":true}]}}