{"id":2291,"date":"2025-03-18T18:34:09","date_gmt":"2025-03-18T18:34:09","guid":{"rendered":"https:\/\/arcos.com.uy\/?post_type=product&#038;p=2291"},"modified":"2025-03-18T18:40:35","modified_gmt":"2025-03-18T18:40:35","slug":"clorhexil","status":"publish","type":"product","link":"https:\/\/arcos.com.uy\/en\/producto\/clorhexil\/","title":{"rendered":"Clorhexil"},"content":{"rendered":"<h3>Descripci\u00f3n<\/h3>\n<p>Antis\u00e9ptico instant\u00e1neo indicado para la higiene quir\u00fargica de manos de cirujanos, equipo quir\u00fargico y<br \/>\npersonal al cuidado de pacientes . Soluci\u00f3n en base a ingredientes activos Digluconato de Clorhexidina al 0.12% -Alcohol et\u00edlico al 30% y agentes humectantes.<br \/>\nProporciona una r\u00e1pida acci\u00f3n bactericida en un amplio espectro de microorganismos con efecto residual. Ayuda a proteger y mantener la integridad de la piel puesto que cuenta con humectantes.<br \/>\nDe aplicaci\u00f3n r\u00e1pida, no requiere el uso de agua o lavado mec\u00e1nico con un cepillo quir\u00fargico para alcanzar el efecto<br \/>\nbactericida.<\/p>\n<h3>Beneficios, precauciones<\/h3>\n<p>R\u00e1pida actividad bactericida en un amplio espectro de microorganismos, con efecto residual. Ayuda a conservar la integridad de la piel.<br \/>\nProducto inflamable, mantener lejos de fuentes de calor. No utilizar en personas al\u00e9rgicas al digluconato de clorhexidina.<br \/>\nMantener en su envase original Mantener fuera del alcance de los ni\u00f1os<\/p>\n","protected":false},"excerpt":{"rendered":"[button open_new_tab=\"true\" color=\"accent-color\" hover_text_color_override=\"#fff\" size=\"large\" url=\"https:\/\/arcos.com.uy\/wp-content\/uploads\/2025\/03\/Clorhexil-final.pdf\" text=\"Descargar Cat\u00e1logo\" color_override=\"\"]\n","protected":false},"featured_media":2292,"template":"","meta":[],"product_brand":[],"product_cat":[89],"product_tag":[],"class_list":{"0":"post-2291","1":"product","2":"type-product","3":"status-publish","4":"has-post-thumbnail","6":"product_cat-derma","8":"first","9":"instock","10":"shipping-taxable","11":"product-type-simple"},"_links":{"self":[{"href":"https:\/\/arcos.com.uy\/en\/wp-json\/wp\/v2\/product\/2291","targetHints":{"allow":["GET"]}}],"collection":[{"href":"https:\/\/arcos.com.uy\/en\/wp-json\/wp\/v2\/product"}],"about":[{"href":"https:\/\/arcos.com.uy\/en\/wp-json\/wp\/v2\/types\/product"}],"wp:featuredmedia":[{"embeddable":true,"href":"https:\/\/arcos.com.uy\/en\/wp-json\/wp\/v2\/media\/2292"}],"wp:attachment":[{"href":"https:\/\/arcos.com.uy\/en\/wp-json\/wp\/v2\/media?parent=2291"}],"wp:term":[{"taxonomy":"product_brand","embeddable":true,"href":"https:\/\/arcos.com.uy\/en\/wp-json\/wp\/v2\/product_brand?post=2291"},{"taxonomy":"product_cat","embeddable":true,"href":"https:\/\/arcos.com.uy\/en\/wp-json\/wp\/v2\/product_cat?post=2291"},{"taxonomy":"product_tag","embeddable":true,"href":"https:\/\/arcos.com.uy\/en\/wp-json\/wp\/v2\/product_tag?post=2291"}],"curies":[{"name":"wp","href":"https:\/\/api.w.org\/{rel}","templated":true}]}}