{"id":2286,"date":"2025-03-18T18:28:00","date_gmt":"2025-03-18T18:28:00","guid":{"rendered":"https:\/\/arcos.com.uy\/?post_type=product&#038;p=2286"},"modified":"2025-03-18T18:32:06","modified_gmt":"2025-03-18T18:32:06","slug":"protesis-vascular-impra-ptfe","status":"publish","type":"product","link":"https:\/\/arcos.com.uy\/en\/producto\/protesis-vascular-impra-ptfe\/","title":{"rendered":"PR\u00d3TESIS VASCULAR IMPRA PTFE"},"content":{"rendered":"<p>El injerto vascular Impra CarbofloTM fue el primer injerto vascular de ePTFE impregnado de carb\u00f3n para la reconstrucci\u00f3n y bypass de arterias en<br \/>\nEE.UU. y tiene m\u00e1s de 20 a\u00f1os de trayectoria. El carb\u00f3n impregnado a lo largo de la pared interior fue dise\u00f1ado para ayudar a reducir la falla temprana del injerto debido a trombosis1.<\/p>\n<p><strong>Resultados cl\u00ednicos comprobados<\/strong><br \/>\nen la derivaci\u00f3n popl\u00edtea y distal por debajo de la rodilla.2<\/p>\n","protected":false},"excerpt":{"rendered":"[button open_new_tab=\"true\" color=\"accent-color\" hover_text_color_override=\"#fff\" size=\"large\" url=\"https:\/\/arcos.com.uy\/wp-content\/uploads\/2025\/03\/BD-140629-Brochure-Impra-Carboflo_nuevo-1.pdf\" text=\"Descargar Cat\u00e1logo\"\u00a0 color_override=\"\"]\n","protected":false},"featured_media":2289,"template":"","meta":[],"product_brand":[],"product_cat":[20,34,88],"product_tag":[],"class_list":{"0":"post-2286","1":"product","2":"type-product","3":"status-publish","4":"has-post-thumbnail","6":"product_cat-cardiologia","7":"product_cat-cirugia-general","8":"product_cat-linea-vascular","10":"first","11":"instock","12":"shipping-taxable","13":"product-type-simple"},"_links":{"self":[{"href":"https:\/\/arcos.com.uy\/en\/wp-json\/wp\/v2\/product\/2286","targetHints":{"allow":["GET"]}}],"collection":[{"href":"https:\/\/arcos.com.uy\/en\/wp-json\/wp\/v2\/product"}],"about":[{"href":"https:\/\/arcos.com.uy\/en\/wp-json\/wp\/v2\/types\/product"}],"wp:featuredmedia":[{"embeddable":true,"href":"https:\/\/arcos.com.uy\/en\/wp-json\/wp\/v2\/media\/2289"}],"wp:attachment":[{"href":"https:\/\/arcos.com.uy\/en\/wp-json\/wp\/v2\/media?parent=2286"}],"wp:term":[{"taxonomy":"product_brand","embeddable":true,"href":"https:\/\/arcos.com.uy\/en\/wp-json\/wp\/v2\/product_brand?post=2286"},{"taxonomy":"product_cat","embeddable":true,"href":"https:\/\/arcos.com.uy\/en\/wp-json\/wp\/v2\/product_cat?post=2286"},{"taxonomy":"product_tag","embeddable":true,"href":"https:\/\/arcos.com.uy\/en\/wp-json\/wp\/v2\/product_tag?post=2286"}],"curies":[{"name":"wp","href":"https:\/\/api.w.org\/{rel}","templated":true}]}}