{"id":2281,"date":"2025-03-18T18:21:46","date_gmt":"2025-03-18T18:21:46","guid":{"rendered":"https:\/\/arcos.com.uy\/?post_type=product&#038;p=2281"},"modified":"2025-03-24T18:58:24","modified_gmt":"2025-03-24T18:58:24","slug":"balon-atlas-gold","status":"publish","type":"product","link":"https:\/\/arcos.com.uy\/en\/producto\/balon-atlas-gold\/","title":{"rendered":"Bal\u00f3n atlas gold"},"content":{"rendered":"<p><strong>COnfianza Atm\u00f3sferas (ATM) Rangos de trabajo<\/strong><\/p>\n<p>Informaci\u00f3n extra\u00edda del etiquetado del producto. Globos de 14 mm x 4 cm.<br \/>\nATLAS\u00ae ORO ATLAS\u00ae XXLTM en LESIONES RESISTENTES A LA DILATACI\u00d3N<\/p>\n<p>* Indicaciones de uso de referencia en la \u00faltima p\u00e1gina para una indicaci\u00f3n completa.<\/p>\n<p>Atlas\u00ae = 12<br \/>\nXXLTM = 0<br \/>\nAtlas\u00ae oro = 12<\/p>\n<p><strong>El bal\u00f3n de gran di\u00e1metro m\u00e1s no conforme del mercado<\/strong><\/p>\n<p>Mayor rango de trabajo disponible que ofrece lesiones<br \/>\nBrinda la m\u00e1xima fuerza a las \u00e1reas de mayor resistencia (hasta<br \/>\n18 ATM) &#8211; Presiones espec\u00edficas<\/p>\n<p>&nbsp;<\/p>\n","protected":false},"excerpt":{"rendered":"[button open_new_tab=\"true\" color=\"accent-color\" hover_text_color_override=\"#fff\" size=\"large\" url=\"https:\/\/arcos.com.uy\/wp-content\/uploads\/2025\/03\/catalogo-atlas-espanol-2023.pdf\" text=\"Descargar Cat\u00e1logo\" color_override=\"\"]\n","protected":false},"featured_media":2284,"template":"","meta":[],"product_brand":[],"product_cat":[20,34,88],"product_tag":[],"class_list":{"0":"post-2281","1":"product","2":"type-product","3":"status-publish","4":"has-post-thumbnail","6":"product_cat-cardiologia","7":"product_cat-cirugia-general","8":"product_cat-linea-vascular","10":"first","11":"instock","12":"shipping-taxable","13":"product-type-simple"},"_links":{"self":[{"href":"https:\/\/arcos.com.uy\/en\/wp-json\/wp\/v2\/product\/2281","targetHints":{"allow":["GET"]}}],"collection":[{"href":"https:\/\/arcos.com.uy\/en\/wp-json\/wp\/v2\/product"}],"about":[{"href":"https:\/\/arcos.com.uy\/en\/wp-json\/wp\/v2\/types\/product"}],"wp:featuredmedia":[{"embeddable":true,"href":"https:\/\/arcos.com.uy\/en\/wp-json\/wp\/v2\/media\/2284"}],"wp:attachment":[{"href":"https:\/\/arcos.com.uy\/en\/wp-json\/wp\/v2\/media?parent=2281"}],"wp:term":[{"taxonomy":"product_brand","embeddable":true,"href":"https:\/\/arcos.com.uy\/en\/wp-json\/wp\/v2\/product_brand?post=2281"},{"taxonomy":"product_cat","embeddable":true,"href":"https:\/\/arcos.com.uy\/en\/wp-json\/wp\/v2\/product_cat?post=2281"},{"taxonomy":"product_tag","embeddable":true,"href":"https:\/\/arcos.com.uy\/en\/wp-json\/wp\/v2\/product_tag?post=2281"}],"curies":[{"name":"wp","href":"https:\/\/api.w.org\/{rel}","templated":true}]}}