{"id":2274,"date":"2025-03-18T18:14:19","date_gmt":"2025-03-18T18:14:19","guid":{"rendered":"https:\/\/arcos.com.uy\/?post_type=product&#038;p=2274"},"modified":"2025-03-18T18:20:32","modified_gmt":"2025-03-18T18:20:32","slug":"cateter-hickman-3","status":"publish","type":"product","link":"https:\/\/arcos.com.uy\/en\/producto\/cateter-hickman-3\/","title":{"rendered":"CAT\u00c9TER HICKMAN"},"content":{"rendered":"<p>Un cat\u00e9ter Hickman es un cat\u00e9ter venoso central tunelizado (se inserta en<br \/>\nvenas de gran calibre como la subclavia, yugular interna), de acceso central (su punta tiene que estar ubicada en la uni\u00f3n cavo auricular).<br \/>\nEs un cat\u00e9ter subcut\u00e1neo que consiste en un tubo largo flexible de silicona radiopaca cuyo extremo se aloja en una vena gruesa del t\u00f3rax o abdomen (yugular, subclavia, axilar, situ\u00e1ndose su extremo distal en cava superior o cava inferior dependiendo de si la implantaci\u00f3n es tor\u00e1cica, abdominal o inguinal).<br \/>\nUna parte del cat\u00e9ter se sit\u00faa subcut\u00e1neamente entre la vena canalizada y la salida a la piel. Est\u00e1 hecho de silicona, material conocido por su alta biocompatibilidad y duraci\u00f3n.<br \/>\nLa punta del cat\u00e9ter es suave para evitar da\u00f1os en la pared del vaso El manguito de Dacron se coloca bajo la piel, lo que puede formar una adhesi\u00f3n con el tejido subcut\u00e1neo, proteger la inmigraci\u00f3n del cat\u00e9ter y reducir la<br \/>\nposibilidad de CRBI<\/p>\n","protected":false},"excerpt":{"rendered":"[button open_new_tab=\"true\" color=\"accent-color\" hover_text_color_override=\"#fff\" size=\"large\" url=\"https:\/\/arcos.com.uy\/wp-content\/uploads\/2025\/03\/Hickman-y-Bard-port-Catalogo-2022.pdf\" text=\"Descargar Cat\u00e1logo\" color_override=\"\"]\n","protected":false},"featured_media":2272,"template":"","meta":[],"product_brand":[],"product_cat":[20,34,88],"product_tag":[],"class_list":{"0":"post-2274","1":"product","2":"type-product","3":"status-publish","4":"has-post-thumbnail","6":"product_cat-cardiologia","7":"product_cat-cirugia-general","8":"product_cat-linea-vascular","10":"first","11":"instock","12":"shipping-taxable","13":"product-type-simple"},"_links":{"self":[{"href":"https:\/\/arcos.com.uy\/en\/wp-json\/wp\/v2\/product\/2274","targetHints":{"allow":["GET"]}}],"collection":[{"href":"https:\/\/arcos.com.uy\/en\/wp-json\/wp\/v2\/product"}],"about":[{"href":"https:\/\/arcos.com.uy\/en\/wp-json\/wp\/v2\/types\/product"}],"wp:featuredmedia":[{"embeddable":true,"href":"https:\/\/arcos.com.uy\/en\/wp-json\/wp\/v2\/media\/2272"}],"wp:attachment":[{"href":"https:\/\/arcos.com.uy\/en\/wp-json\/wp\/v2\/media?parent=2274"}],"wp:term":[{"taxonomy":"product_brand","embeddable":true,"href":"https:\/\/arcos.com.uy\/en\/wp-json\/wp\/v2\/product_brand?post=2274"},{"taxonomy":"product_cat","embeddable":true,"href":"https:\/\/arcos.com.uy\/en\/wp-json\/wp\/v2\/product_cat?post=2274"},{"taxonomy":"product_tag","embeddable":true,"href":"https:\/\/arcos.com.uy\/en\/wp-json\/wp\/v2\/product_tag?post=2274"}],"curies":[{"name":"wp","href":"https:\/\/api.w.org\/{rel}","templated":true}]}}