{"id":2263,"date":"2025-03-18T17:58:08","date_gmt":"2025-03-18T17:58:08","guid":{"rendered":"https:\/\/arcos.com.uy\/?post_type=product&#038;p=2263"},"modified":"2025-03-18T18:10:02","modified_gmt":"2025-03-18T18:10:02","slug":"cateteres-para-hemodialisis-de-larga-duracion","status":"publish","type":"product","link":"https:\/\/arcos.com.uy\/en\/producto\/cateteres-para-hemodialisis-de-larga-duracion\/","title":{"rendered":"CAT\u00c9TER HEMOSTAR"},"content":{"rendered":"<p>Dise\u00f1ados para adaptarse a sus necesidades<\/p>\n<p>Ahora usted tiene opciones de cat\u00e9teres cuando las opciones de\u00a0 sus pacientes son limitadas.<\/p>\n<p>La colocaci\u00f3n de un cat\u00e9ter para hemodi\u00e1lisis de larga duraci\u00f3n puede parecer una contradicci\u00f3n ineludible: las afecciones que crean la necesidad de hemodi\u00e1lisis son, con frecuencia, las mismas que hacen que la colocaci\u00f3n y el mantenimiento de los cat\u00e9teres para hemodi\u00e1lisis sean un desaf\u00edo. La filosof\u00eda de BD es empoderarlo ofreci\u00e9ndole opciones de cat\u00e9teres de alto rendimiento que se adapten a sus preferencias y a las complejas necesidades de sus pacientes.<br \/>\n<strong>Opciones de dise\u00f1o<\/strong><br \/>\nOfrecemos una gama de opciones de puntas, configuraciones de cat\u00e9teres rectos y AlphaCurveTM, y dise\u00f1os innovadores de l\u00famenes de alto flujo.<br \/>\n<strong>Mejoras<\/strong><br \/>\nNuestros distintos cat\u00e9teres para hemodi\u00e1lisis ofrecen caracter\u00edsticas como aberturas frontales y orificios laterales lisos, alas de sutura fijas y tecnolog\u00eda resistente al acodamiento.<br \/>\n<strong>Rendimiento<\/strong><br \/>\nIndependientemente del cat\u00e9ter que elija, puede estar seguro de que nuestros<br \/>\ncat\u00e9teres para hemodi\u00e1lisis de larga duraci\u00f3n est\u00e1n dise\u00f1ados para proporcionar un flujo alto y baja presi\u00f3n.<br \/>\n<strong>Seguridad garantizada<\/strong><br \/>\nBD ofrece la opci\u00f3n exclusiva del introductor con v\u00e1lvula AirGuardTM, que est\u00e1<br \/>\ndise\u00f1ado para reducir el riesgo de embolias gaseosa y p\u00e9rdida de sangre.<\/p>\n","protected":false},"excerpt":{"rendered":"[button open_new_tab=\"true\" color=\"accent-color\" hover_text_color_override=\"#fff\" size=\"large\" url=\"https:\/\/arcos.com.uy\/wp-content\/uploads\/2025\/03\/BD-64503-Familia-de-Cateteres-para-Hemodialisis-Brochure-Hickman-HemoStar.pdf\" text=\"Descargar Cat\u00e1logo\" color_override=\"\"]\n","protected":false},"featured_media":2266,"template":"","meta":[],"product_brand":[],"product_cat":[20,34,88],"product_tag":[],"class_list":{"0":"post-2263","1":"product","2":"type-product","3":"status-publish","4":"has-post-thumbnail","6":"product_cat-cardiologia","7":"product_cat-cirugia-general","8":"product_cat-linea-vascular","10":"first","11":"instock","12":"shipping-taxable","13":"product-type-simple"},"_links":{"self":[{"href":"https:\/\/arcos.com.uy\/en\/wp-json\/wp\/v2\/product\/2263","targetHints":{"allow":["GET"]}}],"collection":[{"href":"https:\/\/arcos.com.uy\/en\/wp-json\/wp\/v2\/product"}],"about":[{"href":"https:\/\/arcos.com.uy\/en\/wp-json\/wp\/v2\/types\/product"}],"wp:featuredmedia":[{"embeddable":true,"href":"https:\/\/arcos.com.uy\/en\/wp-json\/wp\/v2\/media\/2266"}],"wp:attachment":[{"href":"https:\/\/arcos.com.uy\/en\/wp-json\/wp\/v2\/media?parent=2263"}],"wp:term":[{"taxonomy":"product_brand","embeddable":true,"href":"https:\/\/arcos.com.uy\/en\/wp-json\/wp\/v2\/product_brand?post=2263"},{"taxonomy":"product_cat","embeddable":true,"href":"https:\/\/arcos.com.uy\/en\/wp-json\/wp\/v2\/product_cat?post=2263"},{"taxonomy":"product_tag","embeddable":true,"href":"https:\/\/arcos.com.uy\/en\/wp-json\/wp\/v2\/product_tag?post=2263"}],"curies":[{"name":"wp","href":"https:\/\/api.w.org\/{rel}","templated":true}]}}