{"id":2231,"date":"2025-03-17T16:21:24","date_gmt":"2025-03-17T16:21:24","guid":{"rendered":"https:\/\/arcos.com.uy\/?post_type=product&#038;p=2231"},"modified":"2025-04-30T12:21:44","modified_gmt":"2025-04-30T12:21:44","slug":"eritroplos","status":"publish","type":"product","link":"https:\/\/arcos.com.uy\/en\/producto\/eritroplos\/","title":{"rendered":"ERITROPLOS"},"content":{"rendered":"<p><b>Indicaciones: <\/b><\/p>\n<p><span style=\"font-weight: 400;\">Para el tratamiento de infecciones oculares superficiales como conjuntivitis, <\/span><span style=\"font-weight: 400;\">\u00a0<\/span><span style=\"font-weight: 400;\">queratitis, queratoconjuntivitis, blefaritis, Blefaroconjuntivitis y meibonitis, en infecciones por <\/span><span style=\"font-weight: 400;\">\u00a0Chlamydias para controlar el tracoma. Tambi\u00e9n est\u00e1 indicado en la profilaxis del reci\u00e9n nacido.\u00a0<\/span><\/p>\n<p><b>F\u00f3rmula: <\/b><span style=\"font-weight: 400;\">Eritromicina 0,5 g, Vaselina l\u00edquida, Vaselina S\u00f3lida\u00a0<\/span><\/p>\n<p><b>Posolog\u00eda: <\/b><span style=\"font-weight: 400;\">Infecciones bacterianas aplicar peque\u00f1a cantidad 3 \u00f3 4 veces por d\u00eda durante 48 <\/span><span style=\"font-weight: 400;\">\u00a0<\/span><span style=\"font-weight: 400;\">hs., Tracoma 2 veces por d\u00eda durante 2 meses, Profilaxis reci\u00e9n nacido , prevenir la conjuntivitis <\/span><span style=\"font-weight: 400;\">\u00a0<\/span><span style=\"font-weight: 400;\">por N. Gonorrea en los reci\u00e9n nacidos o por clamidias. Aplicar una tira de 0,5 a 2 cm de <\/span><span style=\"font-weight: 400;\">\u00a0ung\u00fcento, antes de una hora despu\u00e9s del nacimiento, o seg\u00fan criterio m\u00e9dico.\u00a0<\/span><\/p>\n<p><span style=\"font-weight: 400;\">No requiere cadena de frio.\u00a0<\/span><\/p>\n<p><b>Presentaci\u00f3n: <\/b><span style=\"font-weight: 400;\">Pomos por 3,5 g<\/span><span style=\"font-weight: 400;\">\u00a0<\/span><\/p>\n<p><span style=\"font-weight: 400;\">Descartables, y sin conservantes.<\/span><span style=\"font-weight: 400;\">\u00a0<\/span><\/p>\n<p><span style=\"font-weight: 400;\">Ante cualquier consulta puede contactar a nuestro representante de ventas:\u00a0<\/span><\/p>\n<p><b>Gustavo Acosta 092 000 316<\/b><\/p>\n","protected":false},"excerpt":{"rendered":"<p><b>Acci\u00f3n Terap\u00e9utica: <\/b><span style=\"font-weight: 400;\">La Eritromicina es un <\/span><span style=\"font-weight: 400;\">\u00a0<\/span><span style=\"font-weight: 400;\">antibi\u00f3tico del grupo de los Macr\u00f3lidos, con\u00a0\u00a0<\/span><span style=\"font-weight: 400;\">acci\u00f3n bacteriost\u00e1tica.\u00a0<\/span><\/p>\n<p><b>Indicaciones: <\/b><span style=\"font-weight: 400;\">Para e<\/span><\/p>\n","protected":false},"featured_media":2232,"template":"","meta":[],"product_brand":[],"product_cat":[25,23],"product_tag":[],"class_list":{"0":"post-2231","1":"product","2":"type-product","3":"status-publish","4":"has-post-thumbnail","6":"product_cat-pharma","7":"product_cat-oftalmologia","9":"first","10":"instock","11":"featured","12":"shipping-taxable","13":"product-type-simple"},"_links":{"self":[{"href":"https:\/\/arcos.com.uy\/en\/wp-json\/wp\/v2\/product\/2231","targetHints":{"allow":["GET"]}}],"collection":[{"href":"https:\/\/arcos.com.uy\/en\/wp-json\/wp\/v2\/product"}],"about":[{"href":"https:\/\/arcos.com.uy\/en\/wp-json\/wp\/v2\/types\/product"}],"wp:featuredmedia":[{"embeddable":true,"href":"https:\/\/arcos.com.uy\/en\/wp-json\/wp\/v2\/media\/2232"}],"wp:attachment":[{"href":"https:\/\/arcos.com.uy\/en\/wp-json\/wp\/v2\/media?parent=2231"}],"wp:term":[{"taxonomy":"product_brand","embeddable":true,"href":"https:\/\/arcos.com.uy\/en\/wp-json\/wp\/v2\/product_brand?post=2231"},{"taxonomy":"product_cat","embeddable":true,"href":"https:\/\/arcos.com.uy\/en\/wp-json\/wp\/v2\/product_cat?post=2231"},{"taxonomy":"product_tag","embeddable":true,"href":"https:\/\/arcos.com.uy\/en\/wp-json\/wp\/v2\/product_tag?post=2231"}],"curies":[{"name":"wp","href":"https:\/\/api.w.org\/{rel}","templated":true}]}}