{"id":2221,"date":"2025-03-17T16:01:56","date_gmt":"2025-03-17T16:01:56","guid":{"rendered":"https:\/\/arcos.com.uy\/?post_type=product&#038;p=2221"},"modified":"2025-03-17T16:04:13","modified_gmt":"2025-03-17T16:04:13","slug":"acilac-panos-jabonoso","status":"publish","type":"product","link":"https:\/\/arcos.com.uy\/en\/producto\/acilac-panos-jabonoso\/","title":{"rendered":"ACILAC PA\u00d1OS JABONOSO"},"content":{"rendered":"<p><strong>Marca Aster \u2013 Pricedencia Argentina<\/strong><br \/>\nNuestros pa\u00f1os le brindan la posibilidad de realizar el ba\u00f1o en cama sin necesidad de grandes vol\u00famenes de agua,<br \/>\nusted vera con apenas unas gotas de agua el efecto del jab\u00f3n mediante la espuma al instante. No deja residuos en<br \/>\nel cuerpo como otras formas de ba\u00f1o tradicional. Est\u00e1 comprobado que gracias a su poder higi\u00e9nico evita<br \/>\ninfecciones en zonas genitales.<\/p>\n<p><strong>Cada sobre contiene 10 pa\u00f1os de 20 cm x 20 cm dando la posibilidad de realizar un ba\u00f1o \u00f3ptimo.<\/strong><\/p>\n<p><strong>FICHA TECNICA:<\/strong><br \/>\n<img loading=\"lazy\" decoding=\"async\" class=\"\" src=\"https:\/\/arcos.com.uy\/wp-content\/uploads\/2025\/03\/ficha-jabon.png\" width=\"332\" height=\"484\" \/><\/p>\n","protected":false},"excerpt":{"rendered":"<p>Los pa\u00f1os Acilac acortan el tiempo de ba\u00f1o ya que no hay necesidad de enjuagar, luego de utilizar el pa\u00f1o se<br \/>\nprocede a secar la zona con toalla y listo! Una piel hidratada, humectada y con un agradable aroma.<br \/>\nPuede utilizarse tanto en adultos como en ni\u00f1os.<\/p>\n","protected":false},"featured_media":2216,"template":"","meta":[],"product_brand":[],"product_cat":[89],"product_tag":[],"class_list":{"0":"post-2221","1":"product","2":"type-product","3":"status-publish","4":"has-post-thumbnail","6":"product_cat-derma","8":"first","9":"instock","10":"shipping-taxable","11":"product-type-simple"},"_links":{"self":[{"href":"https:\/\/arcos.com.uy\/en\/wp-json\/wp\/v2\/product\/2221","targetHints":{"allow":["GET"]}}],"collection":[{"href":"https:\/\/arcos.com.uy\/en\/wp-json\/wp\/v2\/product"}],"about":[{"href":"https:\/\/arcos.com.uy\/en\/wp-json\/wp\/v2\/types\/product"}],"wp:featuredmedia":[{"embeddable":true,"href":"https:\/\/arcos.com.uy\/en\/wp-json\/wp\/v2\/media\/2216"}],"wp:attachment":[{"href":"https:\/\/arcos.com.uy\/en\/wp-json\/wp\/v2\/media?parent=2221"}],"wp:term":[{"taxonomy":"product_brand","embeddable":true,"href":"https:\/\/arcos.com.uy\/en\/wp-json\/wp\/v2\/product_brand?post=2221"},{"taxonomy":"product_cat","embeddable":true,"href":"https:\/\/arcos.com.uy\/en\/wp-json\/wp\/v2\/product_cat?post=2221"},{"taxonomy":"product_tag","embeddable":true,"href":"https:\/\/arcos.com.uy\/en\/wp-json\/wp\/v2\/product_tag?post=2221"}],"curies":[{"name":"wp","href":"https:\/\/api.w.org\/{rel}","templated":true}]}}