{"id":2206,"date":"2025-03-17T15:31:54","date_gmt":"2025-03-17T15:31:54","guid":{"rendered":"https:\/\/arcos.com.uy\/?post_type=product&#038;p=2206"},"modified":"2025-03-24T18:44:29","modified_gmt":"2025-03-24T18:44:29","slug":"intrasite-gel-applipak","status":"publish","type":"product","link":"https:\/\/arcos.com.uy\/en\/producto\/intrasite-gel-applipak\/","title":{"rendered":"INTRASITE GEL Applipak"},"content":{"rendered":"<h2><strong>Instrucciones de uso\u00a0<\/strong><\/h2>\n<ol>\n<li><span style=\"font-weight: 400;\"> Preparar el lecho de la lesi\u00f3n: Retirar el ap\u00f3sito secundario. Irrigar la \u00falcera con\u00a0<\/span><\/li>\n<li><span style=\"font-weight: 400;\"> Preparar el envase: Retirar de la boquilla el tap\u00f3n protector. Limpiar el extremo y la boquilla del envase con una torunda antis\u00e9ptica adecuada. Romper por el extremo marcado de la boquilla.\u00a0<\/span><\/li>\n<li><span style=\"font-weight: 400;\"> Introducir INTRASITE GEL en la lesi\u00f3n: Manteniendo el extremo de la boquilla de manera que no entre en contacto con la superficie de la lesi\u00f3n, presionar con cuidado la base del envase para administrar el gel en la lesi\u00f3n, evitando no excederse sobre la piel circundante. Aplicar una capa de INTRASITE GEL de aproximadamente 5mm de espesor sobre la superficie de la lesi\u00f3n. Desechar el sobrante.<\/span><\/li>\n<\/ol>\n<p><strong>Elecci\u00f3n del ap\u00f3sito complementario<\/strong><\/p>\n<p><span style=\"font-weight: 400;\">INTRASITE GEL debe usarse junto con otro ap\u00f3sito. Las caracter\u00edsticas de la herida y la frecuencia del cambio de ap\u00f3sito determinan la elecci\u00f3n del ap\u00f3sito secundario apropiado. Ejemplos de ap\u00f3sitos son: ALLEVYN\u2122 , OPSITE\u2122, MELOLIN\u2122, CARBONET\u2122.\u00a0<\/span><\/p>\n<p><span style=\"font-weight: 400;\">Precauciones\u00a0<\/span><\/p>\n<p><span style=\"font-weight: 400;\">Sensibilidad a INTRASITE GEL o a alguno de sus ingredientes (propilenglicol). Para uso externo solamente. Usar con precauci\u00f3n en las zonas cercanas al ojo y en heridas profundas con aberturas estrechas (f\u00edstulas) y en cavidades donde la retirada del gel pueda ser dificultosa. INTRASITE GEL es solamente para uso externo y no debe ser ingerido.\u00a0<\/span><\/p>\n<h2><strong>Beneficios\u00a0<\/strong><\/h2>\n<p><b>Limpieza\u00a0<\/b><\/p>\n<p><span style=\"font-weight: 400;\">Los restos necr\u00f3ticos deben ser eliminados para favorecer la recuperaci\u00f3n tisular, por lo que es fundamental, al inicio del tratamiento de la herida, una cuidadosa limpieza. INTRASITE GEL es un hidrogel f\u00e1cil de aplicar y retirar y por su acci\u00f3n rehidratante, progresiva y eficaz, y estimula el proceso de autolisis. Al incrementar la humedad en esta fase de la herida, se facilita el medio ideal para la regeneraci\u00f3n tisular.\u00a0<\/span><\/p>\n<p><b>Absorci\u00f3n del esfacelo\u00a0<\/b><\/p>\n<p><span style=\"font-weight: 400;\">En la fase inflamatoria del proceso de curaci\u00f3n de la herida, la escara est\u00e1 formada por la acumulaci\u00f3n de c\u00e9lulas muertas en el exudado. Drenando el exceso de exudado de la superficie de la herida, INTRASITE GEL detiene la acumulaci\u00f3n de los restos celulares y evita la formaci\u00f3n de la escara. En otros casos, cuando ya est\u00e1 formada la escara, la acci\u00f3n rehidratante del gel la elimina lenta y eficazmente, sin da\u00f1ar el tejido sano neoformado.\u00a0 <\/span><b>Granulaci\u00f3n\u00a0<\/b><\/p>\n<p><span style=\"font-weight: 400;\">Favorece una curaci\u00f3n r\u00e1pida. INTRASITE GEL crea un ambiente h\u00famedo en el seno de la herida, evitando la formaci\u00f3n de escara y estimulando la formaci\u00f3n del tejido de granulaci\u00f3n. <\/span><b>F\u00e1cil de aplicar\u00a0<\/b><\/p>\n<p><span style=\"font-weight: 400;\">Gracias a su exclusivo envase, que incorpora una boquilla anat\u00f3mica, INTRASITE GEL resulta c\u00f3modo y f\u00e1cil en el tratamiento de heridas profundas y de dif\u00edcil acceso. Permite, adem\u00e1s, controlar la salida del gel.\u00a0<\/span><\/p>\n<p><b>F\u00e1cil de retirar\u00a0<\/b><\/p>\n<p><span style=\"font-weight: 400;\">INTRASITE GEL no se adhiere al tejido, de forma que resulta sencilla su retirada. Para ello se debe eliminar el gel, simplemente irrigando la lesi\u00f3n con soluci\u00f3n salina est\u00e9ril. No produce dolor, ni precisa manipulaci\u00f3n posterior.<\/span><\/p>\n<p><strong>Cambio del gel\u00a0<\/strong><\/p>\n<p><span style=\"font-weight: 400;\">INTRASITE GEL debe retirarse si el exudado traspasa el ap\u00f3sito secundario. La frecuencia de cambio depender\u00e1 del tipo de herida y de la cantidad de exudado:\u00a0<\/span><\/p>\n<p><span style=\"font-weight: 400;\">Heridas necr\u00f3ticas: diariamente, para optimizar la rehidrataci\u00f3n de la herida. Heridas con esfacelos: diariamente, para optimizar la limpieza.\u00a0<\/span><\/p>\n<p><span style=\"font-weight: 400;\">Heridas en granulaci\u00f3n: por lo menos una vez cada tres d\u00edas.\u00a0<\/span><\/p>\n<p><span style=\"font-weight: 400;\">Indicaciones\u00a0<\/span><\/p>\n<p><span style=\"font-weight: 400;\">INTRASITE Gel est\u00e1 indicado para la eliminaci\u00f3n de tejido necr\u00f3tico de lesiones superficiales, profundas y socavadas (p.ej \u00falceras por presi\u00f3n \u00falceras de pierna, \u00falceras de pie diab\u00e9tico, lesiones malignas, quemaduras, lesiones quir\u00fargicas, escaldaduras, laceraciones, rozaduras, amputaciones y \u00falceras fungosas). Tambi\u00e9n para el tratamiento de lesiones cavitadas en estado de granulaci\u00f3n, piel escoriada y quemaduras provocadas por radiaci\u00f3n.\u00a0<\/span><\/p>\n<p><span style=\"font-weight: 400;\">INTRASITE GEL puede utilizarse en heridas infectadas bajo supervisi\u00f3n m\u00e9dica.<\/span><\/p>\n<p>&nbsp;<\/p>\n<table>\n<tbody>\n<tr>\n<th>C\u00f3digo<\/th>\n<th>C.N.<\/th>\n<th>Medidas<\/th>\n<th>Envase<\/th>\n<\/tr>\n<tr>\n<td>66000240*<\/td>\n<td>4560202.6<\/td>\n<td>15 g<\/td>\n<td>5u<\/td>\n<\/tr>\n<tr>\n<td>7311<\/td>\n<td><\/td>\n<td>15 g<\/td>\n<td>10u<\/td>\n<\/tr>\n<\/tbody>\n<\/table>\n","protected":false},"excerpt":{"rendered":"<p><span style=\"font-weight: 400;\">Estimula la cicatrizaci\u00f3n de la herida\u00a0<\/span><\/p>\n<p><span style=\"font-weight: 400;\">Limpia los restos necr\u00f3ticos\u00a0<\/span><\/p>\n<p><span style=\"font-weight: 400;\">Absorbe el esfacelo\u00a0<\/span><\/p>\n<p><span style=\"font-weight: 400;\">F\u00e1cil aplicaci\u00f3n y cambio<\/span><span style=\"font-weight: 400;\"><br \/>\n<\/span><\/p>\n<p><span style=\"font-weight: 400;\">INTRASITE GEL es un hidrogel de acci\u00f3n limpiadora y regenadora de las heridas. INTRASITE GEL utiliza las ventajas comprobadas de la cura h\u00fameda, siendo al mismo tiempo capaz de eliminar los restos necr\u00f3ticos, el exceso de exudado y regenerando el tejido de granulaci\u00f3n.\u00a0<\/span><br \/>\n<span style=\"font-weight: 400;\">INTRASITE GEL es apropiado para limpiar la herida en sus fases iniciales de curaci\u00f3n. Asimismo, puede utilizarse para proporcionar un entorno h\u00famedo y \u00f3ptimo durante las fases de granulaci\u00f3n y epitelizaci\u00f3n.\u00a0<\/span><\/p>\n","protected":false},"featured_media":2207,"template":"","meta":[],"product_brand":[],"product_cat":[41],"product_tag":[],"class_list":{"0":"post-2206","1":"product","2":"type-product","3":"status-publish","4":"has-post-thumbnail","6":"product_cat-cuidado-de-heridas-quirurgicas-y-traumaticas","8":"first","9":"instock","10":"shipping-taxable","11":"product-type-simple"},"_links":{"self":[{"href":"https:\/\/arcos.com.uy\/en\/wp-json\/wp\/v2\/product\/2206","targetHints":{"allow":["GET"]}}],"collection":[{"href":"https:\/\/arcos.com.uy\/en\/wp-json\/wp\/v2\/product"}],"about":[{"href":"https:\/\/arcos.com.uy\/en\/wp-json\/wp\/v2\/types\/product"}],"wp:featuredmedia":[{"embeddable":true,"href":"https:\/\/arcos.com.uy\/en\/wp-json\/wp\/v2\/media\/2207"}],"wp:attachment":[{"href":"https:\/\/arcos.com.uy\/en\/wp-json\/wp\/v2\/media?parent=2206"}],"wp:term":[{"taxonomy":"product_brand","embeddable":true,"href":"https:\/\/arcos.com.uy\/en\/wp-json\/wp\/v2\/product_brand?post=2206"},{"taxonomy":"product_cat","embeddable":true,"href":"https:\/\/arcos.com.uy\/en\/wp-json\/wp\/v2\/product_cat?post=2206"},{"taxonomy":"product_tag","embeddable":true,"href":"https:\/\/arcos.com.uy\/en\/wp-json\/wp\/v2\/product_tag?post=2206"}],"curies":[{"name":"wp","href":"https:\/\/api.w.org\/{rel}","templated":true}]}}