{"id":2201,"date":"2025-03-17T15:17:39","date_gmt":"2025-03-17T15:17:39","guid":{"rendered":"https:\/\/arcos.com.uy\/?post_type=product&#038;p=2201"},"modified":"2025-04-30T11:09:49","modified_gmt":"2025-04-30T11:09:49","slug":"proheal","status":"publish","type":"product","link":"https:\/\/arcos.com.uy\/en\/producto\/proheal\/","title":{"rendered":"ProHeal"},"content":{"rendered":"<p><span style=\"font-weight: 400;\">Est\u00e1 indicado para tratar \u00falceras diab\u00e9ticas, venosas, de dec\u00fabito, quir\u00fargicas y que est\u00e9n libre de tejido necr\u00f3tico e infecciones\u00a0<\/span><\/p>\n<p><span style=\"font-weight: 400;\">Promueve el crecimiento celular de fibroblastos necesarios para el cierre de heridas.<\/span><\/p>\n","protected":false},"excerpt":{"rendered":"<p><span style=\"font-weight: 400;\">Es un ap\u00f3sito de col\u00e1geno que se compone 100% de col\u00e1geno d\u00e9rmico y act\u00faa como terapia biol\u00f3gica en los procesos de cicatrizaci\u00f3n de heridas que cicatrizan por segunda intenci\u00f3n<\/span><\/p>\n","protected":false},"featured_media":2204,"template":"","meta":[],"product_brand":[],"product_cat":[41],"product_tag":[],"class_list":{"0":"post-2201","1":"product","2":"type-product","3":"status-publish","4":"has-post-thumbnail","6":"product_cat-cuidado-de-heridas-quirurgicas-y-traumaticas","8":"first","9":"instock","10":"shipping-taxable","11":"product-type-simple"},"_links":{"self":[{"href":"https:\/\/arcos.com.uy\/en\/wp-json\/wp\/v2\/product\/2201","targetHints":{"allow":["GET"]}}],"collection":[{"href":"https:\/\/arcos.com.uy\/en\/wp-json\/wp\/v2\/product"}],"about":[{"href":"https:\/\/arcos.com.uy\/en\/wp-json\/wp\/v2\/types\/product"}],"wp:featuredmedia":[{"embeddable":true,"href":"https:\/\/arcos.com.uy\/en\/wp-json\/wp\/v2\/media\/2204"}],"wp:attachment":[{"href":"https:\/\/arcos.com.uy\/en\/wp-json\/wp\/v2\/media?parent=2201"}],"wp:term":[{"taxonomy":"product_brand","embeddable":true,"href":"https:\/\/arcos.com.uy\/en\/wp-json\/wp\/v2\/product_brand?post=2201"},{"taxonomy":"product_cat","embeddable":true,"href":"https:\/\/arcos.com.uy\/en\/wp-json\/wp\/v2\/product_cat?post=2201"},{"taxonomy":"product_tag","embeddable":true,"href":"https:\/\/arcos.com.uy\/en\/wp-json\/wp\/v2\/product_tag?post=2201"}],"curies":[{"name":"wp","href":"https:\/\/api.w.org\/{rel}","templated":true}]}}