{"id":2188,"date":"2025-03-17T14:48:52","date_gmt":"2025-03-17T14:48:52","guid":{"rendered":"https:\/\/arcos.com.uy\/?post_type=product&#038;p=2188"},"modified":"2025-03-17T15:13:13","modified_gmt":"2025-03-17T15:13:13","slug":"allevyn-life-sacro","status":"publish","type":"product","link":"https:\/\/arcos.com.uy\/en\/producto\/allevyn-life-sacro\/","title":{"rendered":"Allevyn Life Sacro"},"content":{"rendered":"<p><b>Caracter\u00edsticas\u00a0\u00a0<\/b><\/p>\n<p><span style=\"font-weight: 400;\">Con su innovadora combinaci\u00f3n de capas y su dise\u00f1o sacro, ALLEVYN Life se destaca\u00a0 como un ap\u00f3sito \u00fanico y distintivo, aportando un salto cualitativo a la gama ALLEVYN.\u00a0<\/span><\/p>\n<p><span style=\"font-weight: 400;\">El modelo Sacrum est\u00e1 dise\u00f1ado espec\u00edficamente para\u00a0<\/span><\/p>\n<p><span style=\"font-weight: 400;\">heridas en la regi\u00f3n sacra para que se ajuste alrededor de la\u00a0<\/span><\/p>\n<p><span style=\"font-weight: 400;\">hendidura.\u00a0<\/span><\/p>\n<p><b>ALLEVYN Life ofrece los siguientes beneficios:\u00a0<\/b><\/p>\n<ul>\n<li><span style=\"font-weight: 400;\">Forma sacra para un ajuste perfecto y adaptaci\u00f3n a la zona de aplicaci\u00f3n.\u00a0 Dise\u00f1ado para el cuerpo humano.\u00a0<\/span><\/li>\n<li><span style=\"font-weight: 400;\">Capa de enmascaramiento de exudado que ayuda a reducir las molestias en\u00a0 pacientes con heridas.\u00a0<\/span><\/li>\n<li><span style=\"font-weight: 400;\">Capa central altamente absorbente que retiene el exudado, evitando fugas.\u00a0<\/span><\/li>\n<li><span style=\"font-weight: 400;\">Estructura acolchada que protege las heridas y proporciona alivio de la\u00a0 presi\u00f3n.\u00a0<\/span><\/li>\n<li><span style=\"font-weight: 400;\">Adhesivo de silicona suave para la piel perilesional fr\u00e1gil.\u00a0<\/span><\/li>\n<\/ul>\n<p><span style=\"font-weight: 400;\">\u2022 <\/span><span style=\"font-weight: 400;\">Indicador de cambio de ap\u00f3sito. Allevyn Life indica de forma sencilla y clara cu\u00e1ndo es el momento de cambiar el ap\u00f3sito por uno nuevo.<\/span><\/p>\n","protected":false},"excerpt":{"rendered":"<p><span style=\"font-weight: 400;\">ALLEVYN Life es un ap\u00f3sito de espuma hidrocelular de 5 capas con adhesivo de\u00a0 silicona para el tratamiento de heridas cr\u00f3nicas y agudas exudativas con piel\u00a0 perilesional fr\u00e1gil.\u00a0<\/span><\/p>\n","protected":false},"featured_media":2197,"template":"","meta":[],"product_brand":[],"product_cat":[41],"product_tag":[],"class_list":{"0":"post-2188","1":"product","2":"type-product","3":"status-publish","4":"has-post-thumbnail","6":"product_cat-cuidado-de-heridas-quirurgicas-y-traumaticas","8":"first","9":"instock","10":"shipping-taxable","11":"product-type-simple"},"_links":{"self":[{"href":"https:\/\/arcos.com.uy\/en\/wp-json\/wp\/v2\/product\/2188","targetHints":{"allow":["GET"]}}],"collection":[{"href":"https:\/\/arcos.com.uy\/en\/wp-json\/wp\/v2\/product"}],"about":[{"href":"https:\/\/arcos.com.uy\/en\/wp-json\/wp\/v2\/types\/product"}],"wp:featuredmedia":[{"embeddable":true,"href":"https:\/\/arcos.com.uy\/en\/wp-json\/wp\/v2\/media\/2197"}],"wp:attachment":[{"href":"https:\/\/arcos.com.uy\/en\/wp-json\/wp\/v2\/media?parent=2188"}],"wp:term":[{"taxonomy":"product_brand","embeddable":true,"href":"https:\/\/arcos.com.uy\/en\/wp-json\/wp\/v2\/product_brand?post=2188"},{"taxonomy":"product_cat","embeddable":true,"href":"https:\/\/arcos.com.uy\/en\/wp-json\/wp\/v2\/product_cat?post=2188"},{"taxonomy":"product_tag","embeddable":true,"href":"https:\/\/arcos.com.uy\/en\/wp-json\/wp\/v2\/product_tag?post=2188"}],"curies":[{"name":"wp","href":"https:\/\/api.w.org\/{rel}","templated":true}]}}