{"id":2187,"date":"2025-03-17T14:48:52","date_gmt":"2025-03-17T14:48:52","guid":{"rendered":"https:\/\/arcos.com.uy\/?post_type=product&#038;p=2187"},"modified":"2025-03-17T15:05:51","modified_gmt":"2025-03-17T15:05:51","slug":"allevyn-life-heel","status":"publish","type":"product","link":"https:\/\/arcos.com.uy\/en\/producto\/allevyn-life-heel\/","title":{"rendered":"Allevyn Life Heel"},"content":{"rendered":"<p><b>Caracter\u00edsticas\u00a0<\/b><\/p>\n<p><span style=\"font-weight: 400;\">El modelo Heel tiene un dise\u00f1o que brinda cobertura al mal\u00e9olo\u00a0<\/span><\/p>\n<p><span style=\"font-weight: 400;\">sin necesidad de retenci\u00f3n secundaria.\u00a0<\/span><\/p>\n<p><b>ALLEVYN Life ofrece los siguientes beneficios:\u00a0<\/b><\/p>\n<p><span style=\"font-weight: 400;\">Forma heel para un ajuste perfecto y adaptaci\u00f3n a la zona de aplicaci\u00f3n. Dise\u00f1ado para el cuerpo humano.\u00a0<\/span><\/p>\n<p><span style=\"font-weight: 400;\">Capa de enmascaramiento de exudado que ayuda a reducir las molestias en pacientes con heridas.\u00a0<\/span><\/p>\n<p><span style=\"font-weight: 400;\">Capa central altamente absorbente que retiene el exudado, evitando fugas. <\/span><span style=\"font-weight: 400;\">Estructura acolchada que protege las heridas y proporciona alivio de la presi\u00f3n.\u00a0<\/span><\/p>\n<p><span style=\"font-weight: 400;\">Adhesivo de silicona suave para la piel perilesional fr\u00e1gil.\u00a0<\/span><\/p>\n<p><span style=\"font-weight: 400;\">Indicador de cambio de ap\u00f3sito. Allevyn Life indica de forma sencilla y clara cu\u00e1ndo es el momento de cambiar el ap\u00f3sito por uno nuevo.<\/span><\/p>\n","protected":false},"excerpt":{"rendered":"<p><span style=\"font-weight: 400;\">ALLEVYN Life es un ap\u00f3sito de espuma hidrocelular de 5 capas con adhesivo de silicona para el tratamiento de heridas cr\u00f3nicas y agudas exudativas con piel perilesional fr\u00e1gil.\u00a0<\/span><\/p>\n","protected":false},"featured_media":2189,"template":"","meta":[],"product_brand":[],"product_cat":[41],"product_tag":[],"class_list":{"0":"post-2187","1":"product","2":"type-product","3":"status-publish","4":"has-post-thumbnail","6":"product_cat-cuidado-de-heridas-quirurgicas-y-traumaticas","8":"first","9":"instock","10":"shipping-taxable","11":"product-type-simple"},"_links":{"self":[{"href":"https:\/\/arcos.com.uy\/en\/wp-json\/wp\/v2\/product\/2187","targetHints":{"allow":["GET"]}}],"collection":[{"href":"https:\/\/arcos.com.uy\/en\/wp-json\/wp\/v2\/product"}],"about":[{"href":"https:\/\/arcos.com.uy\/en\/wp-json\/wp\/v2\/types\/product"}],"wp:featuredmedia":[{"embeddable":true,"href":"https:\/\/arcos.com.uy\/en\/wp-json\/wp\/v2\/media\/2189"}],"wp:attachment":[{"href":"https:\/\/arcos.com.uy\/en\/wp-json\/wp\/v2\/media?parent=2187"}],"wp:term":[{"taxonomy":"product_brand","embeddable":true,"href":"https:\/\/arcos.com.uy\/en\/wp-json\/wp\/v2\/product_brand?post=2187"},{"taxonomy":"product_cat","embeddable":true,"href":"https:\/\/arcos.com.uy\/en\/wp-json\/wp\/v2\/product_cat?post=2187"},{"taxonomy":"product_tag","embeddable":true,"href":"https:\/\/arcos.com.uy\/en\/wp-json\/wp\/v2\/product_tag?post=2187"}],"curies":[{"name":"wp","href":"https:\/\/api.w.org\/{rel}","templated":true}]}}