{"id":2183,"date":"2025-03-17T14:39:25","date_gmt":"2025-03-17T14:39:25","guid":{"rendered":"https:\/\/arcos.com.uy\/?post_type=product&#038;p=2183"},"modified":"2026-04-22T03:31:44","modified_gmt":"2026-04-22T03:31:44","slug":"allevyn-adhesive","status":"publish","type":"product","link":"https:\/\/arcos.com.uy\/en\/producto\/allevyn-adhesive\/","title":{"rendered":"Allevyn Adhesive"},"content":{"rendered":"<p><span style=\"font-weight: 400;\"><strong>ALLEVYN ADHESIVE<\/strong> proporciona una cura en ambiente h\u00famedo que <\/span><span style=\"font-weight: 400;\">\u00a0favorece el proceso de cicatrizaci\u00f3n.\u00a0<\/span><\/p>\n<p><strong>Principales caracter\u00edsticas:\u00a0<\/strong><\/p>\n<ul>\n<li><b>Absorbe exudado de manera controlada, <\/b><span style=\"font-weight: 400;\">favoreciendo la generaci\u00f3n de un\u00a0 <\/span><span style=\"font-weight: 400;\">ambiente h\u00famedo en la lesi\u00f3n que favorece el proceso de cicatrizaci\u00f3n. <\/span><span style=\"font-weight: 400;\">\u2022 <\/span><b>Barrera de fluidos<\/b><span style=\"font-weight: 400;\">.\u00a0<\/span><\/li>\n<li><b>Barrera bacteriana, <\/b><span style=\"font-weight: 400;\">evita la entrada de microrganismos previniendo los procesos\u00a0 infecciosos en las lesiones.\u00a0<\/span><\/li>\n<li><b>Transpirable, <\/b><span style=\"font-weight: 400;\">permitiendo el intercambio gaseoso.\u00a0<\/span><\/li>\n<li><b>Bordes biselados, <\/b><span style=\"font-weight: 400;\">que favorecen la adaptaci\u00f3n del ap\u00f3sito a la zona donde se\u00a0 coloque y evita despegamientos.\u00a0<\/span><\/li>\n<li><b>Adhesivo acr\u00edlico hipoalerg\u00e9nico<\/b><span style=\"font-weight: 400;\">, que permite una adecuada adhesividad a la piel\u00a0 perilesional sin causar trauma en la retirada.\u00a0<\/span><\/li>\n<li><b>Se aplica f\u00e1cilmente<\/b><span style=\"font-weight: 400;\">, gracias a los films transportadores que facilitan su colocacion\u00a0 en cualquier zona.\u00a0<\/span><\/li>\n<li><b>Permite al paciente llevar una vida normal, <\/b><span style=\"font-weight: 400;\">pudiendo realizar actividades como el\u00a0 aseo diario sin necesidad de recambiar el ap\u00f3sito.\u00a0<\/span><\/li>\n<li><span style=\"font-weight: 400;\">Contribuye a la <\/span><b>reducci\u00f3n de la presi\u00f3n<\/b><span style=\"font-weight: 400;\">.<\/span><\/li>\n<\/ul>\n<p>Medida: <span style=\"font-family: verdana, sans-serif;\">12,5&#215;12.5<\/span><\/p>\n","protected":false},"excerpt":{"rendered":"<p><span style=\"font-weight: 400;\">ALLEVYN ADHESIVE es un ap\u00f3sito hidro celular adhesivo para el <\/span><span style=\"font-weight: 400;\">\u00a0tratamiento de heridas de moderada a altamente exudativas.\u00a0<\/span><\/p>\n","protected":false},"featured_media":2185,"template":"","meta":[],"product_brand":[],"product_cat":[41],"product_tag":[],"class_list":{"0":"post-2183","1":"product","2":"type-product","3":"status-publish","4":"has-post-thumbnail","6":"product_cat-cuidado-de-heridas-quirurgicas-y-traumaticas","8":"first","9":"instock","10":"shipping-taxable","11":"product-type-simple"},"_links":{"self":[{"href":"https:\/\/arcos.com.uy\/en\/wp-json\/wp\/v2\/product\/2183","targetHints":{"allow":["GET"]}}],"collection":[{"href":"https:\/\/arcos.com.uy\/en\/wp-json\/wp\/v2\/product"}],"about":[{"href":"https:\/\/arcos.com.uy\/en\/wp-json\/wp\/v2\/types\/product"}],"wp:featuredmedia":[{"embeddable":true,"href":"https:\/\/arcos.com.uy\/en\/wp-json\/wp\/v2\/media\/2185"}],"wp:attachment":[{"href":"https:\/\/arcos.com.uy\/en\/wp-json\/wp\/v2\/media?parent=2183"}],"wp:term":[{"taxonomy":"product_brand","embeddable":true,"href":"https:\/\/arcos.com.uy\/en\/wp-json\/wp\/v2\/product_brand?post=2183"},{"taxonomy":"product_cat","embeddable":true,"href":"https:\/\/arcos.com.uy\/en\/wp-json\/wp\/v2\/product_cat?post=2183"},{"taxonomy":"product_tag","embeddable":true,"href":"https:\/\/arcos.com.uy\/en\/wp-json\/wp\/v2\/product_tag?post=2183"}],"curies":[{"name":"wp","href":"https:\/\/api.w.org\/{rel}","templated":true}]}}