{"id":2070,"date":"2021-05-18T19:41:29","date_gmt":"2021-05-18T19:41:29","guid":{"rendered":"https:\/\/arcos.com.uy\/producto\/allevyn-classic-adhesive\/"},"modified":"2026-04-22T04:00:13","modified_gmt":"2026-04-22T04:00:13","slug":"allevyn-classic-adhesive","status":"publish","type":"product","link":"https:\/\/arcos.com.uy\/en\/producto\/allevyn-classic-adhesive\/","title":{"rendered":"Allevyn non Adhesive"},"content":{"rendered":"<p>Hay muchas ocasiones en las que la mejor atenci\u00f3n al paciente exige una combinaci\u00f3n de virtudes en el mismo ap\u00f3sito: alta absorbencia, adaptabilidad, autoadhesi\u00f3n segura, as\u00ed como rendimiento impermeable y a prueba de bacterias.<\/p>\n<p>El adhesivo ALLEVYN, con su formaci\u00f3n \u00fanica de triple capa, ha sido dise\u00f1ado para lograr esta combinaci\u00f3n para garantizar un manejo \u00f3ptimo de los fluidos para apoyar la cicatrizaci\u00f3n de heridas h\u00famedas. El adhesivo ALLEVYN es un ap\u00f3sito eficiente dise\u00f1ado espec\u00edficamente para tratar heridas exudativas cr\u00f3nicas o agudas.<\/p>\n<h2><strong>Beneficios<\/strong><\/h2>\n<ul>\n<li>Los bordes permiten la fijaci\u00f3n del ap\u00f3sito en la piel perilesional.<\/li>\n<li>Permite el intercambio gaseoso.<\/li>\n<li>Act\u00faa como barrera bacteriana previniendo la contaminaci\u00f3n de la lesi\u00f3n.<\/li>\n<li>Permite que el paciente tome duchas sin necesidad de cubrir el ap\u00f3sito.<\/li>\n<li>Elevada capacidad de absorci\u00f3n que permite controlar la humedad id\u00f3nea en el lecho de la herida.<\/li>\n<li>Promueve la cicatrizaci\u00f3n de la herida.<\/li>\n<li>Minimiza el riesgo de maceraci\u00f3n en la piel.<\/li>\n<li>Libera la presi\u00f3n de los puntos de apoyo del paciente para contribuir en la prevenci\u00f3n de \u00falceras por presi\u00f3n.<\/li>\n<li>No se adhiere al lecho de la herida.<\/li>\n<li>Suave, minimiza el trauma durante los cambios del ap\u00f3sito.<\/li>\n<li>Hipoalerg\u00e9nico. Elevada tolerancia cut\u00e1nea.<\/li>\n<li>Puede permanecer en la lesi\u00f3n hasta por 7 d\u00edas.<\/li>\n<li>F\u00e1cilmente adaptable a cualquier zona del cuerpo.<\/li>\n<li>F\u00e1cil aplicaci\u00f3n.<\/li>\n<li>Protecci\u00f3n contra fugas de exudado.<\/li>\n<\/ul>\n<p>Medidas: <span style=\"font-family: verdana, sans-serif;\">10&#215;10 y 20&#215;20<\/span><\/p>\n","protected":false},"excerpt":{"rendered":"<p>Hay muchas ocasiones en las que la mejor atenci\u00f3n al paciente exige una combinaci\u00f3n de virtudes en el mismo ap\u00f3sito: alta absorbencia, adaptabilidad, autoadhesi\u00f3n segura, as\u00ed como rendimiento impermeable y&#8230;<\/p>\n","protected":false},"featured_media":1858,"template":"","meta":[],"product_brand":[],"product_cat":[64],"product_tag":[],"class_list":{"0":"post-2070","1":"product","2":"type-product","3":"status-publish","4":"has-post-thumbnail","6":"product_cat-care-of-surgical-and-traumatic-wounds","8":"first","9":"instock","10":"shipping-taxable","11":"product-type-simple"},"_links":{"self":[{"href":"https:\/\/arcos.com.uy\/en\/wp-json\/wp\/v2\/product\/2070","targetHints":{"allow":["GET"]}}],"collection":[{"href":"https:\/\/arcos.com.uy\/en\/wp-json\/wp\/v2\/product"}],"about":[{"href":"https:\/\/arcos.com.uy\/en\/wp-json\/wp\/v2\/types\/product"}],"wp:featuredmedia":[{"embeddable":true,"href":"https:\/\/arcos.com.uy\/en\/wp-json\/wp\/v2\/media\/1858"}],"wp:attachment":[{"href":"https:\/\/arcos.com.uy\/en\/wp-json\/wp\/v2\/media?parent=2070"}],"wp:term":[{"taxonomy":"product_brand","embeddable":true,"href":"https:\/\/arcos.com.uy\/en\/wp-json\/wp\/v2\/product_brand?post=2070"},{"taxonomy":"product_cat","embeddable":true,"href":"https:\/\/arcos.com.uy\/en\/wp-json\/wp\/v2\/product_cat?post=2070"},{"taxonomy":"product_tag","embeddable":true,"href":"https:\/\/arcos.com.uy\/en\/wp-json\/wp\/v2\/product_tag?post=2070"}],"curies":[{"name":"wp","href":"https:\/\/api.w.org\/{rel}","templated":true}]}}